{"id":9,"date":"2026-03-14T01:27:39","date_gmt":"2026-03-14T01:27:39","guid":{"rendered":"https:\/\/noclegisandomierza.pl\/?page_id=9"},"modified":"2026-03-14T01:30:28","modified_gmt":"2026-03-14T01:30:28","slug":"9-2","status":"publish","type":"page","link":"https:\/\/noclegisandomierza.pl\/","title":{"rendered":"Strona g\u0142\u00f3wna"},"content":{"rendered":"\n<div class=\"wp-block-group alignfull is-style-section-5 has-global-padding is-layout-constrained wp-block-group-is-layout-constrained is-style-section-5--1\" style=\"margin-top:0;margin-bottom:0;padding-top:var(--wp--preset--spacing--50);padding-bottom:var(--wp--preset--spacing--50)\">\n<div class=\"wp-block-columns alignwide is-layout-flex wp-container-core-columns-is-layout-7ee84d44 wp-block-columns-is-layout-flex\">\n<div class=\"wp-block-column is-vertically-aligned-center is-layout-flow wp-block-column-is-layout-flow\" style=\"flex-basis:50%\">\n<h2 class=\"wp-block-heading\">Moje miejsce na ciekawe znaleziska<\/h2>\n\n\n\n<p class=\"has-medium-font-size\">Ta stronka powsta\u0142a w\u0142a\u015bciwie z prostego impulsu \u2013 z idei, \u017ceby w jednym miejscu gromadzi\u0107 i poleca\u0107 naprawd\u0119 dobre strony, na kt\u00f3re trafiam podczas codziennego surfowania. Zamiast trzyma\u0107 to wszystko w chaosie zak\u0142adek w przegl\u0105darce, postanowi\u0142em stworzy\u0107 tak\u0105 ma\u0142\u0105 baz\u0119. To s\u0105 moje ca\u0142kowicie prywatne przemy\u015blenia i subiektywne wybory, wi\u0119c nie szukajcie tu profesjonalnych ranking\u00f3w. Po prostu wrzucam to, co uznam za warto\u015bciowe, ciekawe albo po prostu \u0142adnie zaprojektowane.<\/p>\n<\/div>\n\n\n\n<div class=\"wp-block-column is-vertically-aligned-center is-layout-flow wp-block-column-is-layout-flow\" style=\"flex-basis:50%\"><\/div>\n<\/div>\n<\/div>\n\n\n\n<div class=\"wp-block-group alignfull has-global-padding is-layout-constrained wp-block-group-is-layout-constrained\" style=\"margin-top:0;margin-bottom:0\"><\/div>\n\n\n\n<div class=\"wp-block-group alignfull has-global-padding is-layout-constrained wp-container-core-group-is-layout-08655630 wp-block-group-is-layout-constrained\" style=\"margin-top:0;margin-bottom:0;padding-top:var(--wp--preset--spacing--80);padding-bottom:var(--wp--preset--spacing--80)\">\n<div class=\"wp-block-group alignwide is-layout-flow wp-block-group-is-layout-flow\">\n<p class=\"has-text-align-center is-style-text-display is-style-text-display--4\" style=\"font-style:normal;font-weight:400\"><strong>Sprawd\u017a moj\u0105 list\u0119 <br><\/strong><a href=\"https:\/\/cykdwojeczka.pl\/\">https:\/\/cykdwojeczka.pl\/<\/a><\/p>\n\n\n\n<div style=\"height:var(--wp--preset--spacing--40)\" aria-hidden=\"true\" class=\"wp-block-spacer\"><\/div>\n<\/div>\n\n\n\n<p>Czasami cz\u0142owiek wpada w p\u0119tl\u0119 tych samych trzech portali spo\u0142eczno\u015bciowych i zapomina, \u017ce internet jest ogromny. Ja staram si\u0119 z tej p\u0119tli wychodzi\u0107. Szukam niszowych blog\u00f3w, dziwnych narz\u0119dzi online, kt\u00f3re u\u0142atwiaj\u0105 \u017cycie, albo po prostu serwis\u00f3w z pasj\u0105. Nie ma tu \u017cadnego sztywnego klucza \u2013 jednego dnia mo\u017ce to by\u0107 strona o starej fotografii, a drugiego jaki\u015b mega praktyczny kalkulator wszystkiego.<\/p>\n\n\n\n<p>Robienie takich notatek pomaga mi usystematyzowa\u0107 to, co czytam. Cz\u0119sto wracam do swoich starych wpis\u00f3w po kilku miesi\u0105cach i sprawdzam, czy dana witryna nadal istnieje albo czy jej tre\u015b\u0107 wci\u0105\u017c jest aktualna. To taki m\u00f3j cyfrowy brudnopis, kt\u00f3ry udost\u0119pniam publicznie, bo mo\u017ce komu\u015b innemu te\u017c te znaleziska si\u0119 przydadz\u0105.<\/p>\n\n\n\n<p>Je\u015bli tu jeste\u015b, to pewnie szukasz czego\u015b poza g\u0142\u00f3wnym nurtem. I o to w\u0142a\u015bnie chodzi &#8211; \u017ceby sie\u0107 zn\u00f3w wydawa\u0142a si\u0119 troch\u0119 mniejsza, bardziej przyjazna i pe\u0142na ludzi, kt\u00f3rym chce si\u0119 tworzy\u0107 co\u015b sensownego dla innych.<\/p>\n<\/div>\n\n\n\n<p class=\"has-text-align-center\">2026 &#8211; noclegisandomierza.pl<\/p>\n\n\n\n<p><\/p>\n","protected":false},"excerpt":{"rendered":"<p>Moje miejsce na ciekawe znaleziska Ta stronka powsta\u0142a w\u0142a\u015bciwie z prostego impulsu \u2013 z idei, \u017ceby w jednym miejscu gromadzi\u0107 i poleca\u0107 naprawd\u0119 dobre strony, na kt\u00f3re trafiam podczas codziennego surfowania. Zamiast trzyma\u0107 to wszystko w chaosie zak\u0142adek w przegl\u0105darce, postanowi\u0142em stworzy\u0107 tak\u0105 ma\u0142\u0105 baz\u0119. To s\u0105 moje ca\u0142kowicie prywatne przemy\u015blenia i subiektywne wybory, wi\u0119c [&hellip;]<\/p>\n","protected":false},"author":2,"featured_media":0,"parent":0,"menu_order":0,"comment_status":"closed","ping_status":"closed","template":"","meta":{"footnotes":""},"class_list":["post-9","page","type-page","status-publish","hentry"],"_links":{"self":[{"href":"https:\/\/noclegisandomierza.pl\/index.php?rest_route=\/wp\/v2\/pages\/9","targetHints":{"allow":["GET"]}}],"collection":[{"href":"https:\/\/noclegisandomierza.pl\/index.php?rest_route=\/wp\/v2\/pages"}],"about":[{"href":"https:\/\/noclegisandomierza.pl\/index.php?rest_route=\/wp\/v2\/types\/page"}],"author":[{"embeddable":true,"href":"https:\/\/noclegisandomierza.pl\/index.php?rest_route=\/wp\/v2\/users\/2"}],"replies":[{"embeddable":true,"href":"https:\/\/noclegisandomierza.pl\/index.php?rest_route=%2Fwp%2Fv2%2Fcomments&post=9"}],"version-history":[{"count":3,"href":"https:\/\/noclegisandomierza.pl\/index.php?rest_route=\/wp\/v2\/pages\/9\/revisions"}],"predecessor-version":[{"id":17,"href":"https:\/\/noclegisandomierza.pl\/index.php?rest_route=\/wp\/v2\/pages\/9\/revisions\/17"}],"wp:attachment":[{"href":"https:\/\/noclegisandomierza.pl\/index.php?rest_route=%2Fwp%2Fv2%2Fmedia&parent=9"}],"curies":[{"name":"wp","href":"https:\/\/api.w.org\/{rel}","templated":true}]}}